{"id":2264,"date":"2026-04-07T15:41:15","date_gmt":"2026-04-07T13:41:15","guid":{"rendered":"https:\/\/e-sensia.com\/?page_id=2264"},"modified":"2026-04-07T15:45:11","modified_gmt":"2026-04-07T13:45:11","slug":"contactez-nous","status":"publish","type":"page","link":"https:\/\/e-sensia.com\/fr\/contactez-nous\/","title":{"rendered":"Contactez-nous"},"content":{"rendered":"<style>.elementor-2264 .elementor-element.elementor-element-1aa18303:not(.elementor-motion-effects-element-type-background), .elementor-2264 .elementor-element.elementor-element-1aa18303 > .elementor-motion-effects-container > .elementor-motion-effects-layer{background-image:url(\"https:\/\/e-sensia.com\/wp-content\/uploads\/2025\/02\/3074187.jpg\");background-position:center center;background-repeat:no-repeat;background-size:cover;}.elementor-2264 .elementor-element.elementor-element-1aa18303 > .elementor-background-overlay{background-color:#00142C;opacity:0.69;transition:background 0.3s, border-radius 0.3s, opacity 0.3s;}.elementor-2264 .elementor-element.elementor-element-1aa18303{transition:background 0.3s, border 0.3s, border-radius 0.3s, box-shadow 0.3s;margin-top:0px;margin-bottom:0px;padding:100px 0px 100px 0px;}.elementor-2264 .elementor-element.elementor-element-1b418eff{text-align:center;}.elementor-2264 .elementor-element.elementor-element-1b418eff .elementor-heading-title{font-family:var( --e-global-typography-secondary-font-family ), Sans-serif;font-size:var( --e-global-typography-secondary-font-size );font-weight:var( --e-global-typography-secondary-font-weight );line-height:var( --e-global-typography-secondary-line-height );color:#FFFFFF;}.elementor-2264 .elementor-element.elementor-element-532c5aa{--display:flex;--align-items:center;--container-widget-width:calc( ( 1 - var( --container-widget-flex-grow ) ) * 100% );--overlay-opacity:0.03;--padding-top:100px;--padding-bottom:100px;--padding-left:0px;--padding-right:0px;}.elementor-2264 .elementor-element.elementor-element-532c5aa::before, .elementor-2264 .elementor-element.elementor-element-532c5aa > .elementor-background-video-container::before, .elementor-2264 .elementor-element.elementor-element-532c5aa > .e-con-inner > .elementor-background-video-container::before, .elementor-2264 .elementor-element.elementor-element-532c5aa > .elementor-background-slideshow::before, .elementor-2264 .elementor-element.elementor-element-532c5aa > .e-con-inner > .elementor-background-slideshow::before, .elementor-2264 .elementor-element.elementor-element-532c5aa > .elementor-motion-effects-container > .elementor-motion-effects-layer::before{--background-overlay:'';background-image:url(\"https:\/\/e-sensia.com\/wp-content\/uploads\/2025\/02\/layer1.png\");background-repeat:no-repeat;background-size:cover;}.elementor-2264 .elementor-element.elementor-element-6a711fa{text-align:start;}.elementor-2264 .elementor-element.elementor-element-6a711fa .elementor-heading-title{font-family:var( --e-global-typography-secondary-font-family ), Sans-serif;font-size:var( --e-global-typography-secondary-font-size );font-weight:var( --e-global-typography-secondary-font-weight );line-height:var( --e-global-typography-secondary-line-height );color:var( --e-global-color-a043b2f );}.elementor-2264 .elementor-element.elementor-element-6a711fa.elementor-element{--align-self:flex-start;}.elementor-2264 .elementor-element.elementor-element-f70d299 .elementor-field-group{padding-right:calc( 10px\/2 );padding-left:calc( 10px\/2 );margin-bottom:10px;}.elementor-2264 .elementor-element.elementor-element-f70d299 .elementor-form-fields-wrapper{margin-left:calc( -10px\/2 );margin-right:calc( -10px\/2 );margin-bottom:-10px;}.elementor-2264 .elementor-element.elementor-element-f70d299 .elementor-field-group.recaptcha_v3-bottomleft, .elementor-2264 .elementor-element.elementor-element-f70d299 .elementor-field-group.recaptcha_v3-bottomright{margin-bottom:0;}body.rtl .elementor-2264 .elementor-element.elementor-element-f70d299 .elementor-labels-inline .elementor-field-group > label{padding-left:0px;}body:not(.rtl) .elementor-2264 .elementor-element.elementor-element-f70d299 .elementor-labels-inline .elementor-field-group > label{padding-right:0px;}body .elementor-2264 .elementor-element.elementor-element-f70d299 .elementor-labels-above .elementor-field-group > label{padding-bottom:0px;}.elementor-2264 .elementor-element.elementor-element-f70d299 .elementor-field-group > label, .elementor-2264 .elementor-element.elementor-element-f70d299 .elementor-field-subgroup label{color:var( --e-global-color-text );}.elementor-2264 .elementor-element.elementor-element-f70d299 .elementor-field-type-html{padding-bottom:0px;}.elementor-2264 .elementor-element.elementor-element-f70d299 .elementor-field-group .elementor-field{color:var( --e-global-color-text );}.elementor-2264 .elementor-element.elementor-element-f70d299 .elementor-field-group .elementor-field:not(.elementor-select-wrapper){background-color:#E4ECEC;border-width:0px 0px 0px 0px;border-radius:0px 0px 0px 0px;}.elementor-2264 .elementor-element.elementor-element-f70d299 .elementor-field-group .elementor-select-wrapper select{background-color:#E4ECEC;border-width:0px 0px 0px 0px;border-radius:0px 0px 0px 0px;}.elementor-2264 .elementor-element.elementor-element-f70d299 .elementor-button span{justify-content:center;}.elementor-2264 .elementor-element.elementor-element-f70d299 .e-form__buttons__wrapper__button-next{background-color:var( --e-global-color-secondary );color:#ffffff;}.elementor-2264 .elementor-element.elementor-element-f70d299 .elementor-button[type=\"submit\"]{background-color:var( --e-global-color-secondary );color:#ffffff;}.elementor-2264 .elementor-element.elementor-element-f70d299 .elementor-button[type=\"submit\"] svg *{fill:#ffffff;}.elementor-2264 .elementor-element.elementor-element-f70d299 .e-form__buttons__wrapper__button-previous{color:#ffffff;}.elementor-2264 .elementor-element.elementor-element-f70d299 .e-form__buttons__wrapper__button-next:hover{background-color:var( --e-global-color-secondary );color:#ffffff;}.elementor-2264 .elementor-element.elementor-element-f70d299 .elementor-button[type=\"submit\"]:hover{background-color:var( --e-global-color-secondary );color:#ffffff;}.elementor-2264 .elementor-element.elementor-element-f70d299 .elementor-button[type=\"submit\"]:hover svg *{fill:#ffffff;}.elementor-2264 .elementor-element.elementor-element-f70d299 .e-form__buttons__wrapper__button-previous:hover{color:#ffffff;}.elementor-2264 .elementor-element.elementor-element-f70d299{--e-form-steps-indicators-spacing:20px;--e-form-steps-indicator-padding:30px;--e-form-steps-indicator-inactive-secondary-color:#ffffff;--e-form-steps-indicator-active-secondary-color:#ffffff;--e-form-steps-indicator-completed-secondary-color:#ffffff;--e-form-steps-divider-width:1px;--e-form-steps-divider-gap:10px;width:100%;max-width:100%;}.elementor-2264 .elementor-element.elementor-element-f70d299.elementor-element{--align-self:center;}:root{--page-title-display:none;}@media(max-width:1024px){.elementor-2264 .elementor-element.elementor-element-1aa18303{padding:160px 0px 80px 0px;}.elementor-2264 .elementor-element.elementor-element-1b418eff .elementor-heading-title{font-size:var( --e-global-typography-secondary-font-size );line-height:var( --e-global-typography-secondary-line-height );}.elementor-2264 .elementor-element.elementor-element-6a711fa .elementor-heading-title{font-size:var( --e-global-typography-secondary-font-size );line-height:var( --e-global-typography-secondary-line-height );}}@media(max-width:767px){.elementor-2264 .elementor-element.elementor-element-1aa18303{padding:40px 40px 40px 40px;}.elementor-2264 .elementor-element.elementor-element-1b418eff .elementor-heading-title{font-size:var( --e-global-typography-secondary-font-size );line-height:var( --e-global-typography-secondary-line-height );}.elementor-2264 .elementor-element.elementor-element-532c5aa{--padding-top:40px;--padding-bottom:40px;--padding-left:10px;--padding-right:10px;}.elementor-2264 .elementor-element.elementor-element-6a711fa .elementor-heading-title{font-size:var( --e-global-typography-secondary-font-size );line-height:var( --e-global-typography-secondary-line-height );}}\/* Start custom CSS for form, class: .elementor-element-f70d299 *\/.elementor-field-option {\r\n  display: flex;\r\n  align-items: center;    \/* Centre verticalement *\/\r\n  justify-content: center; \/* Centre horizontalement *\/\r\n  gap: 8px; \/* Espace entre la checkbox et le label (ajustable) *\/\r\n  text-align: center;\r\n  width: 100%;\r\n}\/* End custom CSS *\/<\/style>\t\t<div data-elementor-type=\"wp-page\" data-elementor-id=\"2264\" class=\"elementor elementor-2264\" data-elementor-post-type=\"page\">\n\t\t\t\t\t\t<section class=\"elementor-section elementor-top-section elementor-element elementor-element-1aa18303 elementor-section-boxed elementor-section-height-default elementor-section-height-default\" data-id=\"1aa18303\" data-element_type=\"section\" data-e-type=\"section\" data-settings=\"{&quot;background_background&quot;:&quot;classic&quot;}\">\n\t\t\t\t\t\t\t<div class=\"elementor-background-overlay\"><\/div>\n\t\t\t\t\t\t\t<div class=\"elementor-container elementor-column-gap-default\">\n\t\t\t\t\t<div class=\"elementor-column elementor-col-100 elementor-top-column elementor-element elementor-element-6445111f\" data-id=\"6445111f\" data-element_type=\"column\" data-e-type=\"column\">\n\t\t\t<div class=\"elementor-widget-wrap elementor-element-populated\">\n\t\t\t\t\t\t<div class=\"elementor-element elementor-element-1b418eff elementor-widget elementor-widget-heading\" data-id=\"1b418eff\" data-element_type=\"widget\" data-e-type=\"widget\" data-widget_type=\"heading.default\">\n\t\t\t\t<div class=\"elementor-widget-container\">\n\t\t\t\t\t<h2 class=\"elementor-heading-title elementor-size-default\">Contact Us<\/h2>\t\t\t\t<\/div>\n\t\t\t\t<\/div>\n\t\t\t\t\t<\/div>\n\t\t<\/div>\n\t\t\t\t\t<\/div>\n\t\t<\/section>\n\t\t<div class=\"elementor-element elementor-element-532c5aa e-flex e-con-boxed e-con e-parent\" data-id=\"532c5aa\" data-element_type=\"container\" data-e-type=\"container\">\n\t\t\t\t\t<div class=\"e-con-inner\">\n\t\t\t\t<div class=\"elementor-element elementor-element-6a711fa elementor-widget elementor-widget-heading\" data-id=\"6a711fa\" data-element_type=\"widget\" data-e-type=\"widget\" data-widget_type=\"heading.default\">\n\t\t\t\t<div class=\"elementor-widget-container\">\n\t\t\t\t\t<h2 class=\"elementor-heading-title elementor-size-default\">Get In Touch<\/h2>\t\t\t\t<\/div>\n\t\t\t\t<\/div>\n\t\t\t\t<div class=\"elementor-element elementor-element-f70d299 elementor-widget__width-inherit elementor-button-align-stretch elementor-widget elementor-widget-form\" data-id=\"f70d299\" data-element_type=\"widget\" data-e-type=\"widget\" data-settings=\"{&quot;button_width&quot;:&quot;50&quot;,&quot;step_next_label&quot;:&quot;Suivant&quot;,&quot;step_previous_label&quot;:&quot;Pr\\u00e9c\\u00e9dent&quot;,&quot;step_type&quot;:&quot;number_text&quot;,&quot;step_icon_shape&quot;:&quot;circle&quot;}\" data-widget_type=\"form.default\">\n\t\t\t\t<div class=\"elementor-widget-container\">\n\t\t\t\t\t\t\t<form class=\"elementor-form\" method=\"post\" name=\"Contact Form FR\" aria-label=\"Contact Form FR\">\n\t\t\t<input type=\"hidden\" name=\"post_id\" value=\"2264\"\/>\n\t\t\t<input type=\"hidden\" name=\"form_id\" value=\"f70d299\"\/>\n\t\t\t<input type=\"hidden\" name=\"referer_title\" value=\"Contactez-nous - e-sensia\" \/>\n\n\t\t\t\t\t\t\t<input type=\"hidden\" name=\"queried_id\" value=\"2264\"\/>\n\t\t\t\n\t\t\t<div class=\"elementor-form-fields-wrapper elementor-labels-\">\n\t\t\t\t\t\t\t\t<div class=\"elementor-field-type-text elementor-field-group elementor-column elementor-field-group-name elementor-col-50 elementor-field-required\">\n\t\t\t\t\t\t\t\t\t\t\t\t<label for=\"form-field-name\" class=\"elementor-field-label elementor-screen-only\">\n\t\t\t\t\t\t\t\tNom\t\t\t\t\t\t\t<\/label>\n\t\t\t\t\t\t\t\t\t\t\t\t\t\t<input size=\"1\" type=\"text\" name=\"form_fields[name]\" id=\"form-field-name\" class=\"elementor-field elementor-size-sm  elementor-field-textual\" placeholder=\"Last Name*\" required=\"required\">\n\t\t\t\t\t\t\t\t\t\t\t<\/div>\n\t\t\t\t\t\t\t\t<div class=\"elementor-field-type-text elementor-field-group elementor-column elementor-field-group-field_834e11c elementor-col-50 elementor-field-required\">\n\t\t\t\t\t\t\t\t\t\t\t\t<label for=\"form-field-field_834e11c\" class=\"elementor-field-label elementor-screen-only\">\n\t\t\t\t\t\t\t\tPr\u00e9nom\t\t\t\t\t\t\t<\/label>\n\t\t\t\t\t\t\t\t\t\t\t\t\t\t<input size=\"1\" type=\"text\" name=\"form_fields[field_834e11c]\" id=\"form-field-field_834e11c\" class=\"elementor-field elementor-size-sm  elementor-field-textual\" placeholder=\"First Name*\" required=\"required\">\n\t\t\t\t\t\t\t\t\t\t\t<\/div>\n\t\t\t\t\t\t\t\t<div class=\"elementor-field-type-text elementor-field-group elementor-column elementor-field-group-field_59a7f5f elementor-col-50\">\n\t\t\t\t\t\t\t\t\t\t\t\t<label for=\"form-field-field_59a7f5f\" class=\"elementor-field-label elementor-screen-only\">\n\t\t\t\t\t\t\t\tFunction\t\t\t\t\t\t\t<\/label>\n\t\t\t\t\t\t\t\t\t\t\t\t\t\t<input size=\"1\" type=\"text\" name=\"form_fields[field_59a7f5f]\" id=\"form-field-field_59a7f5f\" class=\"elementor-field elementor-size-sm  elementor-field-textual\" placeholder=\"Function\">\n\t\t\t\t\t\t\t\t\t\t\t<\/div>\n\t\t\t\t\t\t\t\t<div class=\"elementor-field-type-text elementor-field-group elementor-column elementor-field-group-field_f561628 elementor-col-50\">\n\t\t\t\t\t\t\t\t\t\t\t\t<label for=\"form-field-field_f561628\" class=\"elementor-field-label elementor-screen-only\">\n\t\t\t\t\t\t\t\tCompany Name\t\t\t\t\t\t\t<\/label>\n\t\t\t\t\t\t\t\t\t\t\t\t\t\t<input size=\"1\" type=\"text\" name=\"form_fields[field_f561628]\" id=\"form-field-field_f561628\" class=\"elementor-field elementor-size-sm  elementor-field-textual\" placeholder=\"Company Name\">\n\t\t\t\t\t\t\t\t\t\t\t<\/div>\n\t\t\t\t\t\t\t\t<div class=\"elementor-field-type-email elementor-field-group elementor-column elementor-field-group-email elementor-col-50 elementor-field-required\">\n\t\t\t\t\t\t\t\t\t\t\t\t<label for=\"form-field-email\" class=\"elementor-field-label elementor-screen-only\">\n\t\t\t\t\t\t\t\tE-mail\t\t\t\t\t\t\t<\/label>\n\t\t\t\t\t\t\t\t\t\t\t\t\t\t<input size=\"1\" type=\"email\" name=\"form_fields[email]\" id=\"form-field-email\" class=\"elementor-field elementor-size-sm  elementor-field-textual\" placeholder=\"E-mail*\" required=\"required\">\n\t\t\t\t\t\t\t\t\t\t\t<\/div>\n\t\t\t\t\t\t\t\t<div class=\"elementor-field-type-tel elementor-field-group elementor-column elementor-field-group-field_471c453 elementor-col-50\">\n\t\t\t\t\t\t\t\t\t\t\t\t<label for=\"form-field-field_471c453\" class=\"elementor-field-label elementor-screen-only\">\n\t\t\t\t\t\t\t\tPhone number\t\t\t\t\t\t\t<\/label>\n\t\t\t\t\t\t\t\t<input size=\"1\" type=\"tel\" name=\"form_fields[field_471c453]\" id=\"form-field-field_471c453\" class=\"elementor-field elementor-size-sm  elementor-field-textual\" placeholder=\"Phone number\" pattern=\"[0-9()#&amp;+*-=.]+\" title=\"Seuls les caract\u00e8res de num\u00e9ros de t\u00e9l\u00e9phone (#, -, *, etc.) sont accept\u00e9s.\">\n\n\t\t\t\t\t\t<\/div>\n\t\t\t\t\t\t\t\t<div class=\"elementor-field-type-textarea elementor-field-group elementor-column elementor-field-group-message elementor-col-100 elementor-field-required\">\n\t\t\t\t\t\t\t\t\t\t\t\t<label for=\"form-field-message\" class=\"elementor-field-label elementor-screen-only\">\n\t\t\t\t\t\t\t\tMessage*\t\t\t\t\t\t\t<\/label>\n\t\t\t\t\t\t<textarea class=\"elementor-field-textual elementor-field  elementor-size-sm\" name=\"form_fields[message]\" id=\"form-field-message\" rows=\"4\" placeholder=\"Message*\" required=\"required\"><\/textarea>\t\t\t\t<\/div>\n\t\t\t\t\t\t\t\t<div class=\"elementor-field-type-acceptance elementor-field-group elementor-column elementor-field-group-field_b27ddd2 elementor-col-100 elementor-field-required\">\n\t\t\t\t\t\t\t\t\t\t\t\t<label for=\"form-field-field_b27ddd2\" class=\"elementor-field-label elementor-screen-only\">\n\t\t\t\t\t\t\t\tRGPD\t\t\t\t\t\t\t<\/label>\n\t\t\t\t\t\t\t\t<div class=\"elementor-field-subgroup\">\n\t\t\t<span class=\"elementor-field-option\">\n\t\t\t\t<input type=\"checkbox\" name=\"form_fields[field_b27ddd2]\" id=\"form-field-field_b27ddd2\" class=\"elementor-field elementor-size-sm  elementor-acceptance-field\" required=\"required\">\n\t\t\t\t<label for=\"form-field-field_b27ddd2\">I authorize the recording and use of my data*.<\/label>\t\t\t<\/span>\n\t\t<\/div>\n\t\t\t\t\t\t<\/div>\n\t\t\t\t\t\t\t\t<div class=\"elementor-field-type-recaptcha_v3 elementor-field-group elementor-column elementor-field-group-field_32ebff3 elementor-col-100 recaptcha_v3-bottomright\">\n\t\t\t\t\t<div class=\"elementor-field\" id=\"form-field-field_32ebff3\"><div class=\"elementor-g-recaptcha\" data-sitekey=\"6LcA_ygrAAAAAHpvafnLuQihs8YpXZyevFgjv-Q3\" data-type=\"v3\" data-action=\"Form\" data-badge=\"bottomright\" data-size=\"invisible\"><\/div><\/div>\t\t\t\t<\/div>\n\t\t\t\t\t\t\t\t<div class=\"elementor-field-group elementor-column elementor-field-type-submit elementor-col-50 e-form__buttons\">\n\t\t\t\t\t<button class=\"elementor-button elementor-size-sm elementor-animation-float\" type=\"submit\">\n\t\t\t\t\t\t<span class=\"elementor-button-content-wrapper\">\n\t\t\t\t\t\t\t\t\t\t\t\t\t\t\t\t\t\t\t\t\t\t<span class=\"elementor-button-text\">Send<\/span>\n\t\t\t\t\t\t\t\t\t\t\t\t\t<\/span>\n\t\t\t\t\t<\/button>\n\t\t\t\t<\/div>\n\t\t\t<\/div>\n\t\t<\/form>\n\t\t\t\t\t\t<\/div>\n\t\t\t\t<\/div>\n\t\t\t\t\t<\/div>\n\t\t\t\t<\/div>\n\t\t\t\t<\/div>\n\t\t","protected":false},"excerpt":{"rendered":"<p>Contact Us Get In Touch<\/p>","protected":false},"author":1,"featured_media":0,"parent":0,"menu_order":0,"comment_status":"closed","ping_status":"closed","template":"","meta":{"_acf_changed":false,"footnotes":""},"class_list":["post-2264","page","type-page","status-publish","hentry"],"acf":[],"yoast_head":"<!-- This site is optimized with the Yoast SEO plugin v27.4 - https:\/\/yoast.com\/product\/yoast-seo-wordpress\/ -->\n<title>Contactez-nous - e-sensia<\/title>\n<meta name=\"robots\" content=\"index, follow, max-snippet:-1, max-image-preview:large, max-video-preview:-1\" \/>\n<link rel=\"canonical\" href=\"https:\/\/e-sensia.com\/fr\/contactez-nous\/\" \/>\n<meta property=\"og:locale\" content=\"fr_FR\" \/>\n<meta property=\"og:type\" content=\"article\" \/>\n<meta property=\"og:title\" content=\"Contactez-nous - e-sensia\" \/>\n<meta property=\"og:description\" content=\"Contact Us Get In Touch\" \/>\n<meta property=\"og:url\" content=\"https:\/\/e-sensia.com\/fr\/contactez-nous\/\" \/>\n<meta property=\"og:site_name\" content=\"e-sensia\" \/>\n<meta property=\"article:modified_time\" content=\"2026-04-07T13:45:11+00:00\" \/>\n<meta name=\"twitter:card\" content=\"summary_large_image\" \/>\n<script type=\"application\/ld+json\" class=\"yoast-schema-graph\">{\"@context\":\"https:\\\/\\\/schema.org\",\"@graph\":[{\"@type\":\"WebPage\",\"@id\":\"https:\\\/\\\/e-sensia.com\\\/fr\\\/contactez-nous\\\/\",\"url\":\"https:\\\/\\\/e-sensia.com\\\/fr\\\/contactez-nous\\\/\",\"name\":\"Contactez-nous - e-sensia\",\"isPartOf\":{\"@id\":\"https:\\\/\\\/e-sensia.com\\\/#website\"},\"datePublished\":\"2026-04-07T13:41:15+00:00\",\"dateModified\":\"2026-04-07T13:45:11+00:00\",\"breadcrumb\":{\"@id\":\"https:\\\/\\\/e-sensia.com\\\/fr\\\/contactez-nous\\\/#breadcrumb\"},\"inLanguage\":\"fr-FR\",\"potentialAction\":[{\"@type\":\"ReadAction\",\"target\":[\"https:\\\/\\\/e-sensia.com\\\/fr\\\/contactez-nous\\\/\"]}]},{\"@type\":\"BreadcrumbList\",\"@id\":\"https:\\\/\\\/e-sensia.com\\\/fr\\\/contactez-nous\\\/#breadcrumb\",\"itemListElement\":[{\"@type\":\"ListItem\",\"position\":1,\"name\":\"Home\",\"item\":\"https:\\\/\\\/e-sensia.com\\\/\"},{\"@type\":\"ListItem\",\"position\":2,\"name\":\"Contactez-nous\"}]},{\"@type\":\"WebSite\",\"@id\":\"https:\\\/\\\/e-sensia.com\\\/#website\",\"url\":\"https:\\\/\\\/e-sensia.com\\\/\",\"name\":\"e-sensia\",\"description\":\"Voice-based automated assistance, powered by AI\",\"publisher\":{\"@id\":\"https:\\\/\\\/e-sensia.com\\\/#organization\"},\"potentialAction\":[{\"@type\":\"SearchAction\",\"target\":{\"@type\":\"EntryPoint\",\"urlTemplate\":\"https:\\\/\\\/e-sensia.com\\\/?s={search_term_string}\"},\"query-input\":{\"@type\":\"PropertyValueSpecification\",\"valueRequired\":true,\"valueName\":\"search_term_string\"}}],\"inLanguage\":\"fr-FR\"},{\"@type\":\"Organization\",\"@id\":\"https:\\\/\\\/e-sensia.com\\\/#organization\",\"name\":\"e-sensia\",\"url\":\"https:\\\/\\\/e-sensia.com\\\/\",\"logo\":{\"@type\":\"ImageObject\",\"inLanguage\":\"fr-FR\",\"@id\":\"https:\\\/\\\/e-sensia.com\\\/#\\\/schema\\\/logo\\\/image\\\/\",\"url\":\"https:\\\/\\\/e-sensia.com\\\/wp-content\\\/uploads\\\/2025\\\/02\\\/logo-theme-clair.png\",\"contentUrl\":\"https:\\\/\\\/e-sensia.com\\\/wp-content\\\/uploads\\\/2025\\\/02\\\/logo-theme-clair.png\",\"width\":314,\"height\":115,\"caption\":\"e-sensia\"},\"image\":{\"@id\":\"https:\\\/\\\/e-sensia.com\\\/#\\\/schema\\\/logo\\\/image\\\/\"},\"sameAs\":[\"https:\\\/\\\/www.linkedin.com\\\/company\\\/e-sensia\\\/\"]}]}<\/script>\n<!-- \/ Yoast SEO plugin. -->","yoast_head_json":{"title":"Contactez-nous - e-sensia","robots":{"index":"index","follow":"follow","max-snippet":"max-snippet:-1","max-image-preview":"max-image-preview:large","max-video-preview":"max-video-preview:-1"},"canonical":"https:\/\/e-sensia.com\/fr\/contactez-nous\/","og_locale":"fr_FR","og_type":"article","og_title":"Contactez-nous - e-sensia","og_description":"Contact Us Get In Touch","og_url":"https:\/\/e-sensia.com\/fr\/contactez-nous\/","og_site_name":"e-sensia","article_modified_time":"2026-04-07T13:45:11+00:00","twitter_card":"summary_large_image","schema":{"@context":"https:\/\/schema.org","@graph":[{"@type":"WebPage","@id":"https:\/\/e-sensia.com\/fr\/contactez-nous\/","url":"https:\/\/e-sensia.com\/fr\/contactez-nous\/","name":"Contactez-nous - e-sensia","isPartOf":{"@id":"https:\/\/e-sensia.com\/#website"},"datePublished":"2026-04-07T13:41:15+00:00","dateModified":"2026-04-07T13:45:11+00:00","breadcrumb":{"@id":"https:\/\/e-sensia.com\/fr\/contactez-nous\/#breadcrumb"},"inLanguage":"fr-FR","potentialAction":[{"@type":"ReadAction","target":["https:\/\/e-sensia.com\/fr\/contactez-nous\/"]}]},{"@type":"BreadcrumbList","@id":"https:\/\/e-sensia.com\/fr\/contactez-nous\/#breadcrumb","itemListElement":[{"@type":"ListItem","position":1,"name":"Home","item":"https:\/\/e-sensia.com\/"},{"@type":"ListItem","position":2,"name":"Contactez-nous"}]},{"@type":"WebSite","@id":"https:\/\/e-sensia.com\/#website","url":"https:\/\/e-sensia.com\/","name":"e-sensia","description":"Assistance automatis\u00e9e bas\u00e9e sur la voix, aliment\u00e9e par l'IA","publisher":{"@id":"https:\/\/e-sensia.com\/#organization"},"potentialAction":[{"@type":"SearchAction","target":{"@type":"EntryPoint","urlTemplate":"https:\/\/e-sensia.com\/?s={search_term_string}"},"query-input":{"@type":"PropertyValueSpecification","valueRequired":true,"valueName":"search_term_string"}}],"inLanguage":"fr-FR"},{"@type":"Organization","@id":"https:\/\/e-sensia.com\/#organization","name":"e-sensia","url":"https:\/\/e-sensia.com\/","logo":{"@type":"ImageObject","inLanguage":"fr-FR","@id":"https:\/\/e-sensia.com\/#\/schema\/logo\/image\/","url":"https:\/\/e-sensia.com\/wp-content\/uploads\/2025\/02\/logo-theme-clair.png","contentUrl":"https:\/\/e-sensia.com\/wp-content\/uploads\/2025\/02\/logo-theme-clair.png","width":314,"height":115,"caption":"e-sensia"},"image":{"@id":"https:\/\/e-sensia.com\/#\/schema\/logo\/image\/"},"sameAs":["https:\/\/www.linkedin.com\/company\/e-sensia\/"]}]}},"_links":{"self":[{"href":"https:\/\/e-sensia.com\/fr\/wp-json\/wp\/v2\/pages\/2264","targetHints":{"allow":["GET"]}}],"collection":[{"href":"https:\/\/e-sensia.com\/fr\/wp-json\/wp\/v2\/pages"}],"about":[{"href":"https:\/\/e-sensia.com\/fr\/wp-json\/wp\/v2\/types\/page"}],"author":[{"embeddable":true,"href":"https:\/\/e-sensia.com\/fr\/wp-json\/wp\/v2\/users\/1"}],"replies":[{"embeddable":true,"href":"https:\/\/e-sensia.com\/fr\/wp-json\/wp\/v2\/comments?post=2264"}],"version-history":[{"count":4,"href":"https:\/\/e-sensia.com\/fr\/wp-json\/wp\/v2\/pages\/2264\/revisions"}],"predecessor-version":[{"id":2268,"href":"https:\/\/e-sensia.com\/fr\/wp-json\/wp\/v2\/pages\/2264\/revisions\/2268"}],"wp:attachment":[{"href":"https:\/\/e-sensia.com\/fr\/wp-json\/wp\/v2\/media?parent=2264"}],"curies":[{"name":"wp","href":"https:\/\/api.w.org\/{rel}","templated":true}]}}